{"id":5730,"date":"2022-05-30T07:15:39","date_gmt":"2022-05-30T07:15:39","guid":{"rendered":"https:\/\/www.uniflo.ae\/product\/%d9%85%d8%b5%d9%8a%d8%af%d8%a9-%d8%a7%d9%84%d8%a3%d8%ae%d8%a7%d8%af%d9%8a%d8%af-%d8%a7%d8%b3%d8%aa%d9%86%d8%b2%d8%a7%d9%81-%d8%a7%d9%84%d8%a3%d8%b1%d8%b6%d9%8a%d8%a9-4-%d8%a8%d9%88%d8%b5%d8%a9\/"},"modified":"2022-11-04T06:43:25","modified_gmt":"2022-11-04T06:43:25","slug":"%d8%a3%d8%ae%d8%af%d9%88%d8%af-%d9%81%d8%ae-%d8%a3%d8%b1%d8%b6%d9%8a%d8%a9-%d8%a7%d8%b3%d8%aa%d9%86%d8%b2%d8%a7%d9%81-4-x-3-x-2-x-1-%c2%bd-white","status":"publish","type":"product","link":"https:\/\/www.uniflo.ae\/ar\/product\/%d8%a3%d8%ae%d8%af%d9%88%d8%af-%d9%81%d8%ae-%d8%a3%d8%b1%d8%b6%d9%8a%d8%a9-%d8%a7%d8%b3%d8%aa%d9%86%d8%b2%d8%a7%d9%81-4-x-3-x-2-x-1-%c2%bd-white\/","title":{"rendered":"\u0645\u0635\u064a\u062f\u0629 \u0627\u0644\u0623\u062e\u0627\u062f\u064a\u062f (\u0627\u0633\u062a\u0646\u0632\u0627\u0641 \u0627\u0644\u0623\u0631\u0636\u064a\u0629) 4 \u0628\u0648\u0635\u0629 \u00d7 3 \u0628\u0648\u0635\u0629 \u00d7 2 \u0628\u0648\u0635\u0629 \u00d7 1 \u0628\u0648\u0635\u0629 \u0628\u064a\u0636\u0627\u0621"},"content":{"rendered":"","protected":false},"excerpt":{"rendered":"<table>\n<tbody>\n<tr>\n<td>\u0645\u0646\u062a\u062c:<\/td>\n<td>\u0623\u062e\u0627\u062f\u064a\u062f \u0641\u062e \u0627\u0644\u0623\u0628\u064a\u0636<\/td>\n<\/tr>\n<tr>\n<td>\u0634\u0641\u0631\u0629:<\/td>\n<td>GT &#8211; 1 &#8211; WH<\/td>\n<\/tr>\n<tr>\n<td>\u0628\u062d\u062c\u0645:<\/td>\n<td>4 &#8220;\u00d7 3&#8221; \u00d7 2 &#8220;\u00d7 1&#8221;<\/td>\n<\/tr>\n<tr>\n<td>\u0627\u0644\u062a\u0639\u0628\u0626\u0629 \u0648\u0627\u0644\u062a\u063a\u0644\u064a\u0641:<\/td>\n<td>24 \u0642\u0637\u0639\u0629 \/ \u0643\u0631\u062a\u0648\u0646<\/td>\n<\/tr>\n<\/tbody>\n<\/table>\n<p>\u0645\u0644\u0627\u062d\u0638\u0629: \u0645\u0636\u0627\u062f \u0644\u0644\u0635\u062f\u0623 &#8211; \u0644\u0627 \u062a\u0648\u062c\u062f \u0623\u062c\u0632\u0627\u0621 \u0645\u0639\u062f\u0646\u064a\u0629.<\/p>\n","protected":false},"featured_media":5591,"template":"","meta":{"_acf_changed":false},"product_cat":[225,209],"product_tag":[],"class_list":["post-5730","product","type-product","status-publish","has-post-thumbnail","hentry","product_cat-225","product_cat-209"],"acf":[],"_links":{"self":[{"href":"https:\/\/www.uniflo.ae\/ar\/wp-json\/wp\/v2\/product\/5730"}],"collection":[{"href":"https:\/\/www.uniflo.ae\/ar\/wp-json\/wp\/v2\/product"}],"about":[{"href":"https:\/\/www.uniflo.ae\/ar\/wp-json\/wp\/v2\/types\/product"}],"wp:featuredmedia":[{"embeddable":true,"href":"https:\/\/www.uniflo.ae\/ar\/wp-json\/wp\/v2\/media\/5591"}],"wp:attachment":[{"href":"https:\/\/www.uniflo.ae\/ar\/wp-json\/wp\/v2\/media?parent=5730"}],"wp:term":[{"taxonomy":"product_cat","embeddable":true,"href":"https:\/\/www.uniflo.ae\/ar\/wp-json\/wp\/v2\/product_cat?post=5730"},{"taxonomy":"product_tag","embeddable":true,"href":"https:\/\/www.uniflo.ae\/ar\/wp-json\/wp\/v2\/product_tag?post=5730"}],"curies":[{"name":"wp","href":"https:\/\/api.w.org\/{rel}","templated":true}]}}